{"id":68,"date":"2024-04-02T22:03:16","date_gmt":"2024-04-02T22:03:16","guid":{"rendered":"http:\/\/finanzpastor.de\/?page_id=68"},"modified":"2024-04-02T22:03:17","modified_gmt":"2024-04-02T22:03:17","slug":"warum-finanzpastor","status":"publish","type":"page","link":"https:\/\/finanzpastor.de\/?page_id=68","title":{"rendered":"Warum Finanzpastor?"},"content":{"rendered":"\n<div class=\"wp-block-media-text is-stacked-on-mobile\"><figure class=\"wp-block-media-text__media\"><img loading=\"lazy\" decoding=\"async\" width=\"395\" height=\"501\" src=\"http:\/\/finanzpastor.de\/wp-content\/uploads\/2024\/04\/KSK-Speaker2.0.jpg\" alt=\"\" class=\"wp-image-130 size-full\" srcset=\"https:\/\/finanzpastor.de\/wp-content\/uploads\/2024\/04\/KSK-Speaker2.0.jpg 395w, https:\/\/finanzpastor.de\/wp-content\/uploads\/2024\/04\/KSK-Speaker2.0-237x300.jpg 237w\" sizes=\"(max-width: 395px) 100vw, 395px\" \/><\/figure><div class=\"wp-block-media-text__content\">\n<p>Weder im Theologiestudium noch auf der Bibelschule oder in der Kirche und Kleingruppen habe ich etwas zu Finanzen geh\u00f6rt. Dabei sagt die Bibel, mit \u00fcber 2000 Bibelstellen, also weit aus mehr \u00fcber Finanzen als \u00fcber andere Themen und fordert uns dazu auf verantwortungsvolle Verwalter zu sein.<\/p>\n\n\n\n<p>In meinem Leben wurde ich schon oft zu Finanzen und Versicherungen beraten, jedoch leider nicht so transparent wie ich es gew\u00fcnscht h\u00e4tte. <\/p>\n\n\n\n<p>Deshalb ist es mir ein gro\u00dfes Anliegen dieses gro\u00dfe Tabuthema Finanzen so gut ich kann transparent und verst\u00e4ndlich zu beleuchten, damit du die besten Entscheidungen f\u00fcr dich treffen kannst. <\/p>\n<\/div><\/div>\n\n\n\n<div class=\"wp-block-buttons is-content-justification-center is-layout-flex wp-container-core-buttons-layout-1 wp-block-buttons-is-layout-flex\">\n<div class=\"wp-block-button\"><a class=\"wp-block-button__link has-text-align-center wp-element-button\" href=\"http:\/\/finanzpastor.de\/?page_id=28\">zur Terminvereinbarung<\/a><\/div>\n<\/div>\n","protected":false},"excerpt":{"rendered":"<p>Weder im Theologiestudium noch auf der Bibelschule oder in der Kirche und Kleingruppen habe ich etwas zu Finanzen geh\u00f6rt. Dabei sagt die Bibel, mit \u00fcber 2000 Bibelstellen, also weit aus mehr \u00fcber Finanzen als \u00fcber andere Themen und fordert uns dazu auf verantwortungsvolle Verwalter zu sein. In meinem Leben wurde ich schon oft zu Finanzen [&hellip;]<\/p>\n","protected":false},"author":2,"featured_media":0,"parent":0,"menu_order":0,"comment_status":"closed","ping_status":"closed","template":"","meta":{"_price":"","_stock":"","_tribe_ticket_header":"","_tribe_default_ticket_provider":"","_tribe_ticket_capacity":"0","_ticket_start_date":"","_ticket_end_date":"","_tribe_ticket_show_description":"","_tribe_ticket_show_not_going":false,"_tribe_ticket_use_global_stock":"","_tribe_ticket_global_stock_level":"","_global_stock_mode":"","_global_stock_cap":"","_tribe_rsvp_for_event":"","_tribe_ticket_going_count":"","_tribe_ticket_not_going_count":"","_tribe_tickets_list":"[]","_tribe_ticket_has_attendee_info_fields":false,"footnotes":"","_tec_slr_enabled":"","_tec_slr_layout":""},"ticketed":false,"_links":{"self":[{"href":"https:\/\/finanzpastor.de\/index.php?rest_route=\/wp\/v2\/pages\/68"}],"collection":[{"href":"https:\/\/finanzpastor.de\/index.php?rest_route=\/wp\/v2\/pages"}],"about":[{"href":"https:\/\/finanzpastor.de\/index.php?rest_route=\/wp\/v2\/types\/page"}],"author":[{"embeddable":true,"href":"https:\/\/finanzpastor.de\/index.php?rest_route=\/wp\/v2\/users\/2"}],"replies":[{"embeddable":true,"href":"https:\/\/finanzpastor.de\/index.php?rest_route=%2Fwp%2Fv2%2Fcomments&post=68"}],"version-history":[{"count":7,"href":"https:\/\/finanzpastor.de\/index.php?rest_route=\/wp\/v2\/pages\/68\/revisions"}],"predecessor-version":[{"id":148,"href":"https:\/\/finanzpastor.de\/index.php?rest_route=\/wp\/v2\/pages\/68\/revisions\/148"}],"wp:attachment":[{"href":"https:\/\/finanzpastor.de\/index.php?rest_route=%2Fwp%2Fv2%2Fmedia&parent=68"}],"curies":[{"name":"wp","href":"https:\/\/api.w.org\/{rel}","templated":true}]}}