{"id":5,"date":"2024-02-11T16:51:46","date_gmt":"2024-02-11T16:51:46","guid":{"rendered":"http:\/\/finanzpastor.de\/willkommen-auf-http-finanzpastor-de\/"},"modified":"2024-04-02T23:04:37","modified_gmt":"2024-04-02T23:04:37","slug":"willkommen-auf-http-finanzpastor-de","status":"publish","type":"page","link":"https:\/\/finanzpastor.de\/","title":{"rendered":"Willkommen beim Finanzpastor"},"content":{"rendered":"\n<p><\/p>\n\n\n\n<div class=\"wp-block-group is-vertical is-layout-flex wp-container-core-group-layout-2 wp-block-group-is-layout-flex\">\n<div class=\"wp-block-group alignwide is-layout-constrained wp-block-group-is-layout-constrained\"><div class=\"wp-block-group__inner-container\">\n<div class=\"wp-block-columns alignwide is-layout-flex wp-container-core-columns-layout-1 wp-block-columns-is-layout-flex\" style=\"margin-bottom:0\">\n<div class=\"wp-block-column has-cyan-bluish-gray-background-color has-text-color has-background has-link-color wp-elements-7a4dfa7b04c743fffcaae4b1f6b2aa45 is-layout-flow wp-block-column-is-layout-flow\" style=\"color:#000000;padding-top:2em;padding-right:2em;padding-bottom:2em;padding-left:2em\">\n<h2 class=\"wp-block-heading has-text-align-center\" id=\"single\" style=\"font-size:40px\">Der <strong>Finanzpastor<\/strong><\/h2>\n\n\n\n<p style=\"font-size:17px;line-height:1.5\"><strong>Wer ist der Finanzpastor und wie kann er Transparenz schaffen?<\/strong><\/p>\n\n\n\n<hr class=\"wp-block-separator has-text-color has-css-opacity has-background is-style-wide\" style=\"background-color:#000000;color:#000000\"\/>\n\n\n\n<ul class=\"has-normal-font-size\">\n<li style=\"font-size:17px\">Wer ist der Finanzpastor?<\/li>\n<\/ul>\n\n\n\n<div class=\"wp-block-buttons alignwide is-horizontal is-layout-flex wp-block-buttons-is-layout-flex\">\n<div class=\"wp-block-button has-custom-width wp-block-button__width-100\"><a class=\"wp-block-button__link has-white-color has-text-color has-background wp-element-button\" href=\"https:\/\/finanzpastor.de\/?page_id=10\" style=\"border-radius:40px;background-color:#000000\">DER FINANZPASTOR<\/a><\/div>\n<\/div>\n\n\n\n<ul>\n<li style=\"font-size:17px\">Was bietet der Finanzpastor<\/li>\n<\/ul>\n\n\n\n<div class=\"wp-block-buttons is-layout-flex wp-block-buttons-is-layout-flex\">\n<div class=\"wp-block-button\"><a class=\"wp-block-button__link has-white-color has-black-background-color has-text-color has-background has-link-color has-text-align-center wp-element-button\" href=\"http:\/\/finanzpastor.de\/?page_id=18\">Leistungen<\/a><\/div>\n<\/div>\n<\/div>\n\n\n\n<div class=\"wp-block-column has-luminous-vivid-amber-background-color has-text-color has-background has-link-color wp-elements-5d44fec98fc224ec7666cab1bdd1a7a6 is-layout-flow wp-block-column-is-layout-flow\" style=\"color:#000000;padding-top:2em;padding-right:2em;padding-bottom:2em;padding-left:2em\">\n<h2 class=\"wp-block-heading has-text-align-center\" id=\"patron\" style=\"font-size:40px\">Direkt &amp; <strong>Pers\u00f6nlich<\/strong><\/h2>\n\n\n\n<p class=\"has-normal-font-size\"><strong>Lass dich durch ein pers\u00f6nliches Kennenlernen mit mir durch die Welt der Finanzen begleiten.<\/strong>  <\/p>\n\n\n\n<hr class=\"wp-block-separator has-css-opacity is-style-wide\"\/>\n\n\n\n<ul class=\"has-normal-font-size\">\n<li>pers\u00f6nliches Erstgespr\u00e4ch<\/li>\n\n\n\n<li>Durchleuchten der Finanzen<\/li>\n\n\n\n<li>Welcher Finanztyp bin ich?<\/li>\n\n\n\n<li>Was hat die Bibel mit Finanzen zu tun?<\/li>\n<\/ul>\n\n\n\n<div class=\"wp-block-buttons alignfull is-horizontal is-content-justification-center is-layout-flex wp-container-core-buttons-layout-3 wp-block-buttons-is-layout-flex\">\n<div class=\"wp-block-button has-custom-width wp-block-button__width-100\"><a class=\"wp-block-button__link has-white-color has-text-color has-background wp-element-button\" href=\"http:\/\/finanzpastor.de\/?page_id=28\" style=\"border-radius:40px;background-color:#000000\">Terminvereinbarung<\/a><\/div>\n<\/div>\n<\/div>\n\n\n\n<div class=\"wp-block-column has-text-color has-background has-link-color wp-elements-093a3cc0a161af2f267569be56a50c94 is-layout-flow wp-block-column-is-layout-flow\" style=\"color:#000000;background-color:#d1d1e1;padding-top:2em;padding-right:2em;padding-bottom:2em;padding-left:2em\">\n<h2 class=\"wp-block-heading has-text-align-center\" id=\"family\" style=\"font-size:40px\"><strong>weitere Stimmen<\/strong><\/h2>\n\n\n\n<p class=\"has-normal-font-size\" style=\"line-height:1.5\"><strong>Noch unsicher? <\/strong><\/p>\n\n\n\n<p class=\"has-normal-font-size\" style=\"line-height:1.5\"><br>H\u00f6r was andere \u00fcber mich sagen und wenn es dich \u00fcberzeugt melde dich.<\/p>\n\n\n\n<hr class=\"wp-block-separator has-css-opacity is-style-wide\"\/>\n\n\n\n<div class=\"wp-block-buttons alignfull is-horizontal is-content-justification-center is-layout-flex wp-container-core-buttons-layout-4 wp-block-buttons-is-layout-flex\">\n<div class=\"wp-block-button has-custom-width wp-block-button__width-100 is-style-fill\"><a class=\"wp-block-button__link has-white-color has-text-color has-background wp-element-button\" href=\"https:\/\/finanzpastor.de\/?page_id=141\" style=\"border-radius:40px;background-color:#000000\">TESTIMONIALS<\/a><\/div>\n<\/div>\n<\/div>\n<\/div>\n<\/div><\/div>\n<\/div>\n","protected":false},"excerpt":{"rendered":"<p>Der Finanzpastor Wer ist der Finanzpastor und wie kann er Transparenz schaffen? Direkt &amp; Pers\u00f6nlich Lass dich durch ein pers\u00f6nliches Kennenlernen mit mir durch die Welt der Finanzen begleiten. weitere Stimmen Noch unsicher? H\u00f6r was andere \u00fcber mich sagen und wenn es dich \u00fcberzeugt melde dich.<\/p>\n","protected":false},"author":2,"featured_media":0,"parent":0,"menu_order":0,"comment_status":"closed","ping_status":"open","template":"","meta":{"_price":"","_stock":"","_tribe_ticket_header":"","_tribe_default_ticket_provider":"","_tribe_ticket_capacity":"0","_ticket_start_date":"","_ticket_end_date":"","_tribe_ticket_show_description":"","_tribe_ticket_show_not_going":false,"_tribe_ticket_use_global_stock":"","_tribe_ticket_global_stock_level":"","_global_stock_mode":"","_global_stock_cap":"","_tribe_rsvp_for_event":"","_tribe_ticket_going_count":"","_tribe_ticket_not_going_count":"","_tribe_tickets_list":"[]","_tribe_ticket_has_attendee_info_fields":false,"footnotes":"","_tec_slr_enabled":"","_tec_slr_layout":""},"ticketed":false,"_links":{"self":[{"href":"https:\/\/finanzpastor.de\/index.php?rest_route=\/wp\/v2\/pages\/5"}],"collection":[{"href":"https:\/\/finanzpastor.de\/index.php?rest_route=\/wp\/v2\/pages"}],"about":[{"href":"https:\/\/finanzpastor.de\/index.php?rest_route=\/wp\/v2\/types\/page"}],"author":[{"embeddable":true,"href":"https:\/\/finanzpastor.de\/index.php?rest_route=\/wp\/v2\/users\/2"}],"replies":[{"embeddable":true,"href":"https:\/\/finanzpastor.de\/index.php?rest_route=%2Fwp%2Fv2%2Fcomments&post=5"}],"version-history":[{"count":8,"href":"https:\/\/finanzpastor.de\/index.php?rest_route=\/wp\/v2\/pages\/5\/revisions"}],"predecessor-version":[{"id":214,"href":"https:\/\/finanzpastor.de\/index.php?rest_route=\/wp\/v2\/pages\/5\/revisions\/214"}],"wp:attachment":[{"href":"https:\/\/finanzpastor.de\/index.php?rest_route=%2Fwp%2Fv2%2Fmedia&parent=5"}],"curies":[{"name":"wp","href":"https:\/\/api.w.org\/{rel}","templated":true}]}}