{"id":18,"date":"2024-04-02T22:14:38","date_gmt":"2024-04-02T22:14:38","guid":{"rendered":"http:\/\/finanzpastor.de\/?page_id=18"},"modified":"2024-04-02T23:16:43","modified_gmt":"2024-04-02T23:16:43","slug":"leistungen","status":"publish","type":"page","link":"https:\/\/finanzpastor.de\/?page_id=18","title":{"rendered":"Leistungen"},"content":{"rendered":"\n<div class=\"wp-block-media-text alignfull is-stacked-on-mobile is-vertically-aligned-center is-style-default\" style=\"grid-template-columns:32% auto\"><figure class=\"wp-block-media-text__media\"><img loading=\"lazy\" decoding=\"async\" width=\"368\" height=\"478\" src=\"https:\/\/finanzpastor.de\/wp-content\/uploads\/2024\/04\/KSK-Speaker1.0.jpg\" alt=\"\" class=\"wp-image-129 size-full\" srcset=\"https:\/\/finanzpastor.de\/wp-content\/uploads\/2024\/04\/KSK-Speaker1.0.jpg 368w, https:\/\/finanzpastor.de\/wp-content\/uploads\/2024\/04\/KSK-Speaker1.0-231x300.jpg 231w\" sizes=\"(max-width: 368px) 100vw, 368px\" \/><\/figure><div class=\"wp-block-media-text__content\">\n<h2 class=\"wp-block-heading has-text-color\" style=\"color:#000000\">Finanzcoaching | Hilfe zur Selbsthilfe<\/h2>\n\n\n\n<p class=\"has-text-color\" style=\"color:#636363;font-size:22px;line-height:1.1\">Du willst deine Finanzen aktiv angehen? Dann zeige ich dir gern im Coachinggespr\u00e4ch deinen pers\u00f6nlichen Weg um ein verantwortungsvoller Verwalter deiner Finanzen zu werden. Dabei schauen wir uns unter anderem auch deine bisherigen Glaubenss\u00e4tze bzgl. Geld an. Da diese dein Verhalten und deine Entscheidungen unbewusst beeinflussen k\u00f6nnen sie oft den eigenen Zielen im Weg stehen. <\/p>\n\n\n\n<p class=\"has-text-color\" style=\"color:#636363;font-size:22px;line-height:1.1\">Buche ein kostenloses und unverbindliches Erstgespr\u00e4ch um alles weitere zu besprechen.<\/p>\n\n\n\n<div class=\"wp-block-buttons is-content-justification-center is-layout-flex wp-container-core-buttons-layout-1 wp-block-buttons-is-layout-flex\">\n<div class=\"wp-block-button\"><a class=\"wp-block-button__link has-text-align-center wp-element-button\" href=\"https:\/\/calendly.com\/jonathan-hack\/beratungstermin\">zur Terminvereinbarung<\/a><\/div>\n<\/div>\n<\/div><\/div>\n\n\n\n<div class=\"wp-block-media-text alignfull has-media-on-the-right is-stacked-on-mobile is-vertically-aligned-center is-style-default\" style=\"grid-template-columns:auto 47%\"><div class=\"wp-block-media-text__content\">\n<h2 class=\"wp-block-heading has-text-color\" style=\"color:#000000\">AECdisc<sup>\u00ae<\/sup> Potentialanalyse<\/h2>\n\n\n\n<h3 class=\"wp-block-heading\"><strong>Die Potenzialanalyse zur Personalentwicklung f\u00fcr F\u00fchrungskr\u00e4fte und den Coaching-Einsatz<\/strong><\/h3>\n\n\n\n<p>Was macht Menschen erfolgreich?<br>Entscheidend f\u00fcr den beruflichen und pers\u00f6nlichen Erfolg ist es, dass die F\u00e4higkeiten und Talente eines Menschen zur&nbsp;beruflichen Aufgabenstellung passen. Dabei unterscheiden sich Menschen in ihrer Pers\u00f6nlichkeit und ihren Motiven. Hier ein Link zu einem kurzen Erkl\u00e4rvideo: <\/p>\n\n\n\n<p><a href=\"https:\/\/www.youtube.com\/watch?v=G4uKBZa3z-I&amp;t=1s\">Was ist die AECdisc\u00ae Potenzialanalyse? &#8211; YouTube<\/a><\/p>\n\n\n\n<p>Buche einen Termin um dein Ergebnis mit mir professionell zu besprechen.<\/p>\n\n\n\n<div class=\"wp-block-buttons is-layout-flex wp-block-buttons-is-layout-flex\">\n<div class=\"wp-block-button\"><a class=\"wp-block-button__link wp-element-button\" href=\"http:\/\/finanzpastor.de\/?page_id=28\">zur Terminvereinbarung<\/a><\/div>\n<\/div>\n<\/div><figure class=\"wp-block-media-text__media\"><img loading=\"lazy\" decoding=\"async\" width=\"432\" height=\"360\" src=\"http:\/\/finanzpastor.de\/wp-content\/uploads\/2024\/02\/aec-disc-die-potenzialanalyse_n.jpg\" alt=\"\" class=\"wp-image-80 size-full\" srcset=\"https:\/\/finanzpastor.de\/wp-content\/uploads\/2024\/02\/aec-disc-die-potenzialanalyse_n.jpg 432w, https:\/\/finanzpastor.de\/wp-content\/uploads\/2024\/02\/aec-disc-die-potenzialanalyse_n-300x250.jpg 300w\" sizes=\"(max-width: 432px) 100vw, 432px\" \/><\/figure><\/div>\n\n\n\n<div class=\"wp-block-media-text alignfull is-stacked-on-mobile is-vertically-aligned-center is-style-default\" style=\"grid-template-columns:32% auto\"><figure class=\"wp-block-media-text__media\"><img loading=\"lazy\" decoding=\"async\" width=\"682\" height=\"1024\" src=\"http:\/\/finanzpastor.de\/wp-content\/uploads\/2024\/02\/11890621_405076016352209_2936787486904854101_o-1-682x1024.jpg\" alt=\"\" class=\"wp-image-112 size-full\" srcset=\"https:\/\/finanzpastor.de\/wp-content\/uploads\/2024\/02\/11890621_405076016352209_2936787486904854101_o-1-682x1024.jpg 682w, https:\/\/finanzpastor.de\/wp-content\/uploads\/2024\/02\/11890621_405076016352209_2936787486904854101_o-1-200x300.jpg 200w, https:\/\/finanzpastor.de\/wp-content\/uploads\/2024\/02\/11890621_405076016352209_2936787486904854101_o-1-768x1152.jpg 768w, https:\/\/finanzpastor.de\/wp-content\/uploads\/2024\/02\/11890621_405076016352209_2936787486904854101_o-1.jpg 853w\" sizes=\"(max-width: 682px) 100vw, 682px\" \/><\/figure><div class=\"wp-block-media-text__content\">\n<h2 class=\"wp-block-heading has-text-color\" style=\"color:#000000\"><strong>Versicherungs- &amp; Finanzberatung<\/strong><\/h2>\n\n\n\n<p class=\"has-text-color\" style=\"color:#636363;font-size:22px;line-height:1.1\">Ganz nach dem Bibelvers: &#8222;Pr\u00fcfe alles und behalte das Gute&#8220;, empfehle ich jedem in regelm\u00e4\u00dfigen Abst\u00e4nden die eigenen Versicherungsprodukte von einem unabh\u00e4ngigen Fachmann \u00fcberpr\u00fcfen zu lassen. Unser Auto muss alle 2 Jahre zum T\u00dcV, f\u00fcr deine Finanzen und Versicherungen empfehle ich einen j\u00e4hrlichen Produkt T\u00dcV, damit alles deiner aktuellen Lebenssituation angepasst werden kann.<\/p>\n\n\n\n<p class=\"has-text-align-left has-text-color\" style=\"color:#636363;font-size:22px;line-height:1.1\">Buche ein kostenloses und unverbindliches Erstgespr\u00e4ch f\u00fcr deinen pers\u00f6nlichen Finanz-Produkt T\u00dcV.<\/p>\n\n\n\n<div class=\"wp-block-buttons is-layout-flex wp-block-buttons-is-layout-flex\">\n<div class=\"wp-block-button\"><a class=\"wp-block-button__link wp-element-button\" href=\"http:\/\/finanzpastor.de\/?page_id=28\">zur Terminvereinbarung<\/a><\/div>\n<\/div>\n<\/div><\/div>\n\n\n\n<div class=\"wp-block-media-text alignfull has-media-on-the-right is-stacked-on-mobile is-vertically-aligned-center is-style-default\" style=\"grid-template-columns:auto 47%\"><div class=\"wp-block-media-text__content\">\n<h2 class=\"wp-block-heading has-text-color\" style=\"color:#000000\">biblischer Finanzkurs (online)<\/h2>\n\n\n\n<p>Ziel ist es, dass Menschen die biblischen Finanzprinzipien kennen und leben k\u00f6nnen, damit ihre Beziehung zu Christus tiefer wird und sie frei sind, ihm zu dienen. In mehr als 2.300 Versen ist in der Bibel vom Umgang mit Geld und Besitz die Rede.<\/p>\n\n\n\n<p>Jeder von uns hat mit Geld zu tun &#8211; nicht nur Menschen mit finanziellen Schwierigkeiten oder als Million\u00e4r &#8211; und wir sollen\/m\u00fcssen wissen, was Gott in Bezug auf den Umgang mit Geld von uns Christen erwartet.<\/p>\n\n\n\n<p>Innerhalb von 12 Einheiten erlebst du eine unglaubliche Reise durch die Bibel und bekommst das Handwerkzeug im Umgang mit Finanzen nach biblischer Sicht aufgezeigt. In einer kleinen Gruppe von max. 12 Personen tauschst du dich aus, erlebst Gottes Handeln durch die Umsetzung und das gemeinsame Gebet in deinem und im Leben der anderen &#8211; du wirst staunen.<\/p>\n\n\n\n<p>\u00dcBRIGENS: der Kurs wird auch als Webinar angeboten &#8211; unabh\u00e4ngig wo du wohnst.<\/p>\n\n\n\n<p>Melde dich jetzt zum n\u00e4chsten biblischen Finanzkurs an.<\/p>\n\n\n\n<div class=\"wp-block-buttons is-content-justification-center is-layout-flex wp-container-core-buttons-layout-4 wp-block-buttons-is-layout-flex\">\n<div class=\"wp-block-button is-style-fill\"><a class=\"wp-block-button__link wp-element-button\" href=\"http:\/\/finanzpastor.de\/?page_id=28\">Zur Buchung<\/a><\/div>\n<\/div>\n<\/div><figure class=\"wp-block-media-text__media\"><img loading=\"lazy\" decoding=\"async\" width=\"1024\" height=\"1024\" src=\"http:\/\/finanzpastor.de\/wp-content\/uploads\/2024\/02\/18444672-a18d-4c7f-96ee-3e1889ee39a5.jpg\" alt=\"\" class=\"wp-image-38 size-full\" srcset=\"https:\/\/finanzpastor.de\/wp-content\/uploads\/2024\/02\/18444672-a18d-4c7f-96ee-3e1889ee39a5.jpg 1024w, https:\/\/finanzpastor.de\/wp-content\/uploads\/2024\/02\/18444672-a18d-4c7f-96ee-3e1889ee39a5-300x300.jpg 300w, https:\/\/finanzpastor.de\/wp-content\/uploads\/2024\/02\/18444672-a18d-4c7f-96ee-3e1889ee39a5-150x150.jpg 150w, https:\/\/finanzpastor.de\/wp-content\/uploads\/2024\/02\/18444672-a18d-4c7f-96ee-3e1889ee39a5-768x768.jpg 768w\" sizes=\"(max-width: 1024px) 100vw, 1024px\" \/><\/figure><\/div>\n\n\n\n<div class=\"wp-block-media-text alignfull is-stacked-on-mobile is-vertically-aligned-center is-style-default\" style=\"grid-template-columns:47% auto\"><figure class=\"wp-block-media-text__media\"><img loading=\"lazy\" decoding=\"async\" width=\"1024\" height=\"562\" src=\"http:\/\/finanzpastor.de\/wp-content\/uploads\/2024\/04\/Gold-Silber-1024x562.jpg\" alt=\"\" class=\"wp-image-163 size-full\" srcset=\"https:\/\/finanzpastor.de\/wp-content\/uploads\/2024\/04\/Gold-Silber-1024x562.jpg 1024w, https:\/\/finanzpastor.de\/wp-content\/uploads\/2024\/04\/Gold-Silber-300x165.jpg 300w, https:\/\/finanzpastor.de\/wp-content\/uploads\/2024\/04\/Gold-Silber-768x421.jpg 768w, https:\/\/finanzpastor.de\/wp-content\/uploads\/2024\/04\/Gold-Silber-1536x842.jpg 1536w, https:\/\/finanzpastor.de\/wp-content\/uploads\/2024\/04\/Gold-Silber.jpg 2048w\" sizes=\"(max-width: 1024px) 100vw, 1024px\" \/><\/figure><div class=\"wp-block-media-text__content\">\n<h2 class=\"wp-block-heading has-text-color\" style=\"color:#000000\"><strong>Gold &amp; Silber<\/strong><\/h2>\n\n\n\n<p class=\"has-text-align-left\">Vielleicht war es nie wichtiger als in der aktuellen Zeit in verl\u00e4ssliche Werte zu investieren. Deshalb arbeite ich hier mit einem christlichen Unternehmen zusammen, um das Portfolio mit dem Wertspeicher Gold und Silber zu erg\u00e4nzen.<\/p>\n\n\n\n<div class=\"wp-block-buttons is-layout-flex wp-block-buttons-is-layout-flex\">\n<div class=\"wp-block-button\"><a class=\"wp-block-button__link wp-element-button\" href=\"http:\/\/finanzpastor.de\/?page_id=28\">Edelmetallberatung<\/a><\/div>\n<\/div>\n<\/div><\/div>\n\n\n\n<div class=\"wp-block-media-text alignfull has-media-on-the-right is-stacked-on-mobile is-vertically-aligned-center is-style-default\" style=\"grid-template-columns:auto 47%\"><div class=\"wp-block-media-text__content\">\n<h2 class=\"wp-block-heading has-text-color\" style=\"color:#000000\">Photovoltaik-Anlage<\/h2>\n\n\n\n<p>Wer m\u00f6chte nicht Steuern sparen und dabei noch nachhaltig ein passives Einkommen generieren. Deshalb arbeite ich hier mit kompetenten Partnern zusammen um eine ideale L\u00f6sung f\u00fcr meine Kunden zu finden.<\/p>\n\n\n\n<div class=\"wp-block-buttons is-content-justification-center is-layout-flex wp-container-core-buttons-layout-6 wp-block-buttons-is-layout-flex\">\n<div class=\"wp-block-button is-style-fill\"><a class=\"wp-block-button__link wp-element-button\" href=\"http:\/\/finanzpastor.de\/?page_id=28\">Photovoltaik<\/a><\/div>\n<\/div>\n<\/div><figure class=\"wp-block-media-text__media\"><img loading=\"lazy\" decoding=\"async\" width=\"1024\" height=\"576\" src=\"http:\/\/finanzpastor.de\/wp-content\/uploads\/2024\/04\/PV-Anlage-1024x576.jpg\" alt=\"\" class=\"wp-image-165 size-full\" srcset=\"https:\/\/finanzpastor.de\/wp-content\/uploads\/2024\/04\/PV-Anlage-1024x576.jpg 1024w, https:\/\/finanzpastor.de\/wp-content\/uploads\/2024\/04\/PV-Anlage-300x169.jpg 300w, https:\/\/finanzpastor.de\/wp-content\/uploads\/2024\/04\/PV-Anlage-768x432.jpg 768w, https:\/\/finanzpastor.de\/wp-content\/uploads\/2024\/04\/PV-Anlage.jpg 1446w\" sizes=\"(max-width: 1024px) 100vw, 1024px\" \/><\/figure><\/div>\n","protected":false},"excerpt":{"rendered":"","protected":false},"author":2,"featured_media":0,"parent":0,"menu_order":0,"comment_status":"closed","ping_status":"closed","template":"","meta":{"_price":"","_stock":"","_tribe_ticket_header":"","_tribe_default_ticket_provider":"","_tribe_ticket_capacity":"0","_ticket_start_date":"","_ticket_end_date":"","_tribe_ticket_show_description":"","_tribe_ticket_show_not_going":false,"_tribe_ticket_use_global_stock":"","_tribe_ticket_global_stock_level":"","_global_stock_mode":"","_global_stock_cap":"","_tribe_rsvp_for_event":"","_tribe_ticket_going_count":"","_tribe_ticket_not_going_count":"","_tribe_tickets_list":"[]","_tribe_ticket_has_attendee_info_fields":false,"footnotes":"","_tec_slr_enabled":"","_tec_slr_layout":""},"ticketed":false,"_links":{"self":[{"href":"https:\/\/finanzpastor.de\/index.php?rest_route=\/wp\/v2\/pages\/18"}],"collection":[{"href":"https:\/\/finanzpastor.de\/index.php?rest_route=\/wp\/v2\/pages"}],"about":[{"href":"https:\/\/finanzpastor.de\/index.php?rest_route=\/wp\/v2\/types\/page"}],"author":[{"embeddable":true,"href":"https:\/\/finanzpastor.de\/index.php?rest_route=\/wp\/v2\/users\/2"}],"replies":[{"embeddable":true,"href":"https:\/\/finanzpastor.de\/index.php?rest_route=%2Fwp%2Fv2%2Fcomments&post=18"}],"version-history":[{"count":21,"href":"https:\/\/finanzpastor.de\/index.php?rest_route=\/wp\/v2\/pages\/18\/revisions"}],"predecessor-version":[{"id":219,"href":"https:\/\/finanzpastor.de\/index.php?rest_route=\/wp\/v2\/pages\/18\/revisions\/219"}],"wp:attachment":[{"href":"https:\/\/finanzpastor.de\/index.php?rest_route=%2Fwp%2Fv2%2Fmedia&parent=18"}],"curies":[{"name":"wp","href":"https:\/\/api.w.org\/{rel}","templated":true}]}}