{"id":10,"date":"2024-04-02T21:18:40","date_gmt":"2024-04-02T21:18:40","guid":{"rendered":"http:\/\/finanzpastor.de\/?page_id=10"},"modified":"2024-04-02T21:18:40","modified_gmt":"2024-04-02T21:18:40","slug":"der-finanzpastor","status":"publish","type":"page","link":"https:\/\/finanzpastor.de\/?page_id=10","title":{"rendered":"Der Finanzpastor"},"content":{"rendered":"\n<h1 class=\"wp-block-heading\"><\/h1>\n\n\n\n<div class=\"wp-block-media-text alignfull is-stacked-on-mobile is-vertically-aligned-center\" style=\"grid-template-columns:44% auto\"><figure class=\"wp-block-media-text__media\"><img loading=\"lazy\" decoding=\"async\" width=\"395\" height=\"501\" src=\"http:\/\/finanzpastor.de\/wp-content\/uploads\/2024\/04\/KSK-Speaker2.0.jpg\" alt=\"\" class=\"wp-image-130 size-full\" srcset=\"https:\/\/finanzpastor.de\/wp-content\/uploads\/2024\/04\/KSK-Speaker2.0.jpg 395w, https:\/\/finanzpastor.de\/wp-content\/uploads\/2024\/04\/KSK-Speaker2.0-237x300.jpg 237w\" sizes=\"(max-width: 395px) 100vw, 395px\" \/><\/figure><div class=\"wp-block-media-text__content\">\n<h2 class=\"wp-block-heading has-text-align-center has-text-color\" style=\"color:#000000\"><strong>Der Finanzpastor | Jonathan Hack<\/strong><\/h2>\n\n\n\n<p class=\"has-text-align-center\">&#8222;<em>Transparent beraten mit Kopf und Herz<\/em>&#8222;<br>Der Finanzpastor<\/p>\n\n\n\n<p>&#8222;\u00dcber Geld spricht man nicht&#8220; &#8211; ich schon! Denn jeder hat damit zu tun. Umso wichtiger ist es, dass wir daf\u00fcr Verantwortung \u00fcbernehmen. <\/p>\n\n\n\n<p>Mir ist eine transparente und ehrliche Beratung sehr wichtig.  &#8222;Nicht alles was gl\u00e4nzt ist Gold&#8220; &#8211; deshalb empfehle alles zu pr\u00fcfen oder pr\u00fcfen zu lassen, ganz nach der Bibelvers 1.Thess. 5,21: &#8222;Pr\u00fcft alles und behaltet das Gute!&#8220; Dazu geh\u00f6ren sowohl die Finanz-, Bank-, Versicherungsprodukte, aber auch die eigene Motivation und Glaubenss\u00e4tze, sowie meine eigene Dienstleistung.<\/p>\n\n\n\n<p>Mach doch gleich einen Termin aus f\u00fcr ein kostenloses und unverbindliches Erstgespr\u00e4ch. Ich freu mich auf dich.<\/p>\n\n\n\n<div class=\"wp-block-buttons is-content-justification-center is-layout-flex wp-container-core-buttons-layout-1 wp-block-buttons-is-layout-flex\">\n<div class=\"wp-block-button\"><a class=\"wp-block-button__link has-text-align-center wp-element-button\" href=\"http:\/\/finanzpastor.de\/?page_id=28\">zur Terminvereinbarung<\/a><\/div>\n<\/div>\n<\/div><\/div>\n","protected":false},"excerpt":{"rendered":"","protected":false},"author":2,"featured_media":0,"parent":0,"menu_order":0,"comment_status":"closed","ping_status":"closed","template":"","meta":{"_price":"","_stock":"","_tribe_ticket_header":"","_tribe_default_ticket_provider":"","_tribe_ticket_capacity":"0","_ticket_start_date":"","_ticket_end_date":"","_tribe_ticket_show_description":"","_tribe_ticket_show_not_going":false,"_tribe_ticket_use_global_stock":"","_tribe_ticket_global_stock_level":"","_global_stock_mode":"","_global_stock_cap":"","_tribe_rsvp_for_event":"","_tribe_ticket_going_count":"","_tribe_ticket_not_going_count":"","_tribe_tickets_list":"[]","_tribe_ticket_has_attendee_info_fields":false,"footnotes":"","_tec_slr_enabled":"","_tec_slr_layout":""},"ticketed":false,"_links":{"self":[{"href":"https:\/\/finanzpastor.de\/index.php?rest_route=\/wp\/v2\/pages\/10"}],"collection":[{"href":"https:\/\/finanzpastor.de\/index.php?rest_route=\/wp\/v2\/pages"}],"about":[{"href":"https:\/\/finanzpastor.de\/index.php?rest_route=\/wp\/v2\/types\/page"}],"author":[{"embeddable":true,"href":"https:\/\/finanzpastor.de\/index.php?rest_route=\/wp\/v2\/users\/2"}],"replies":[{"embeddable":true,"href":"https:\/\/finanzpastor.de\/index.php?rest_route=%2Fwp%2Fv2%2Fcomments&post=10"}],"version-history":[{"count":8,"href":"https:\/\/finanzpastor.de\/index.php?rest_route=\/wp\/v2\/pages\/10\/revisions"}],"predecessor-version":[{"id":135,"href":"https:\/\/finanzpastor.de\/index.php?rest_route=\/wp\/v2\/pages\/10\/revisions\/135"}],"wp:attachment":[{"href":"https:\/\/finanzpastor.de\/index.php?rest_route=%2Fwp%2Fv2%2Fmedia&parent=10"}],"curies":[{"name":"wp","href":"https:\/\/api.w.org\/{rel}","templated":true}]}}